{"id":25404,"date":"2024-08-02T11:01:29","date_gmt":"2024-08-02T11:01:29","guid":{"rendered":"https:\/\/www.zaldionline.com\/es\/?post_type=product&#038;p=25404"},"modified":"2024-10-18T11:59:08","modified_gmt":"2024-10-18T11:59:08","slug":"zaldi-san-jorge-semi-profunda","status":"publish","type":"product","link":"https:\/\/www.zaldionline.com\/es\/producto\/zaldi-san-jorge-semi-profunda\/","title":{"rendered":"ZALDI SAN JORGE SEMI-PROFUNDA"},"content":{"rendered":"\t\t<div data-elementor-type=\"wp-post\" data-elementor-id=\"25404\" class=\"elementor elementor-25404\">\n\t\t\t\t\t\t<section class=\"elementor-section elementor-top-section elementor-element elementor-element-4e14acab elementor-section-boxed elementor-section-height-default elementor-section-height-default\" data-id=\"4e14acab\" data-element_type=\"section\" data-e-type=\"section\">\n\t\t\t\t\t\t<div class=\"elementor-container elementor-column-gap-default\">\n\t\t\t\t\t<div class=\"elementor-column elementor-col-100 elementor-top-column elementor-element elementor-element-44072663\" data-id=\"44072663\" data-element_type=\"column\" data-e-type=\"column\">\n\t\t\t<div class=\"elementor-widget-wrap elementor-element-populated\">\n\t\t\t\t\t\t<div class=\"elementor-element elementor-element-4badde4f elementor-widget elementor-widget-text-editor\" data-id=\"4badde4f\" data-element_type=\"widget\" data-e-type=\"widget\" data-widget_type=\"text-editor.default\">\n\t\t\t\t<div class=\"elementor-widget-container\">\n\t\t\t\t\t\t\t\t\t<p>Precio IVA incl.<\/p><p>Doma semi-profundo, gran contacto.<\/p><p><a href=\"https:\/\/youtu.be\/sHiA7lXevbU?si=ZMEW3e84N1NsiYLc\">CLIC AQUI PARA VER EL VIDEO DE LA ZALDI SAN JORGE PLANA NEGRA DE ZALDIONLINE,COM<\/a><\/p><p><a href=\"https:\/\/www.youtube.com\/watch?v=cawQGbEWAM8&amp;ab_channel=BIENESTARCABALLO%28bySusanneNagel%29\">CLIC AQUI PARA VER EL VIDEO DE LA ZALDI SAN JORGE EN 19&#8243; DE ZALDIONLINE.COM<\/a><\/p><p><a href=\"https:\/\/www.youtube.com\/watch?v=hkbKtI4v0sI&amp;ab_channel=BIENESTARCABALLO%28bySusanneNagel%29\">CLIC AQUI PARA ACCEOSORIOS A JUEGO DE LA ZALDI SAN JORGE DE ZALDIONLINE.COM<\/a><\/p><p><a href=\"https:\/\/www.youtube.com\/watch?v=PoiQabAmGts&amp;t=13s&amp;ab_channel=BIENESTARCABALLO%28bySusanneNagel%29\">CLIC AQUI PARA VER EL VIDEO DE LA ZALDI SAN JORGE SEMIPROFUNDA CON RODILLERAS TM DE ZALDIONLINE.COM<\/a><\/p><p>\u00a0<\/p><p>Re\u00fane cualidades que marcan la diferencia entre las sillas de Doma Cl\u00e1sica. Excelente cuero, armadura flexible, dise\u00f1o ergon\u00f3mico&#8230; se traducen en libertad de movimiento, contacto con el caballo, fijaci\u00f3n y la experiencia \u00fanica de la confianza. El jinete encuentra en esta silla la expresi\u00f3n de s\u00ed mismo. Grandes jinetes y profesionales de todo el mundo apuestan por ella.<\/p><p>Sobre una nueva armadura muy profunda y c\u00f3moda, esta silla permite el m\u00e1ximo contacto jinete-caballo. El jinete descansa sobre una nueva estribera con una estudiada inclinaci\u00f3n del 15% que consigue una postura m\u00e1s correcta para el jinete, corrigiendo errores al inexperto y dejando desarrollar al experto. Nuevo dise\u00f1o ergon\u00f3mico del fald\u00f3n (largo de doma) que dispone de doble rodillera de 2 tacos en uno que permite montar en 2 posiciones diferentes. Baste mixto, lana con tratamiento repelente agua-sudor y tope de goma l\u00e1tex que evita el balanceo sobre el dorso del caballo, consiguiendo gran asiento y propiciando libertad al caballo. Latiguillos mixtos separados ofrecen fijaci\u00f3n absoluta al caballo consiguiendo el m\u00e1ximo contacto del jinete-caballo. Uno delantero para evitar que la silla avance sobre la cruz y as\u00ed facilitar los movimientos de las espaldas. El trasero en forma de &#8220;V&#8221; sujeta la silla y no produce balanceo en la zona posterior. Material de cuero especial flexible, muy el\u00e1stico y duradero.<\/p><p>MATERIALES:<\/p><p>* Nueva piel europea natural, m\u00e1s resistente y flexible.<br \/>* Asiento de goma l\u00e1tex semi-profundo pero c\u00f3modo.<br \/>* Fald\u00f3n de doma ergon\u00f3mico.<br \/>* Nuevo dise\u00f1o del faldoncillo.<br \/>* Baste relleno de lana con tope de goma.<br \/>* Rodillera en dos posiciones. Aire en el interior de la rodillera.<br \/>* Armadura de polipropileno, el\u00e1stica y muy resistente.<br \/>* Estribera corta inoxidable de seguridad con inclinaci\u00f3n del 15%.<br \/>* Latiguillos largos en sistema de &#8220;V&#8221;.<br \/>* Latiguillo delantero que sujeta las espaldas del caballo.<\/p><p>Medidas:<\/p><p>* Jinete: 16&#8243;, 16.5&#8243;, 17&#8243;, 17.5&#8243;, 18&#8243;, 19&#8243;.<br \/>* Cruz del caballo: de 28 cm. a 34 cm.<\/p><p>Colores: actualmente adem\u00e1s de los cl\u00e1sicos colores negro, marr\u00f3n, habana, avellana, tostado; se pueden realizar m\u00faltiples combinaciones en colores de cuero, hilos, vivos, burletes\u2026<\/p><p>MEDIDAS:<\/p><p>* Jinete 17.5&#8243; (largo de 44.5 cm. desde el borr\u00e9n trasero de la silla al clavo Zaldi).<br \/>* Cruz del caballo: de 28 cm. a 34 cm.<br \/>* Peso: 7.500 Kg.<br \/>* Largo del fald\u00f3n desde la estribera: 42 cm.<br \/>* Largo del baste por debajo: 49 cm.<br \/>* \u00c1rea de apoyo del baste sobre el lomo del caballo: 44 cm.<br \/>* Rodillera: 34 cm. x 7 cm. x 4.5 cm.<\/p><p><strong>\u00a1AVISO IMPORTANTE!<\/strong><\/p><p><strong>COLORES DEL CUERO<\/strong><\/p><p><strong>Es \u201cIMPOSIBLE\u201d conseguir que dos art\u00edculos en cuero de color avellana, tostado, marr\u00f3n o habana sean exactamente iguales.<\/strong><\/p><p>Ref.: 00156<\/p>\t\t\t\t\t\t\t\t<\/div>\n\t\t\t\t<\/div>\n\t\t\t\t\t<\/div>\n\t\t<\/div>\n\t\t\t\t\t<\/div>\n\t\t<\/section>\n\t\t\t\t<\/div>\n\t\t","protected":false},"excerpt":{"rendered":"<p>Precio IVA incl. Doma semi-profundo, gran contacto. CLIC AQUI PARA VER EL VIDEO DE LA ZALDI SAN JORGE PLANA NEGRA DE ZALDIONLINE,COM CLIC AQUI PARA VER EL VIDEO DE LA ZALDI SAN JORGE EN 19&#8243; DE ZALDIONLINE.COM CLIC AQUI PARA ACCEOSORIOS A JUEGO DE LA ZALDI SAN JORGE DE ZALDIONLINE.COM CLIC AQUI PARA VER EL [&hellip;]<\/p>\n","protected":false},"featured_media":17507,"comment_status":"open","ping_status":"closed","template":"","meta":{"site-sidebar-layout":"default","site-content-layout":"default","ast-site-content-layout":"default","site-content-style":"default","site-sidebar-style":"default","ast-global-header-display":"","ast-banner-title-visibility":"","ast-main-header-display":"","ast-hfb-above-header-display":"","ast-hfb-below-header-display":"","ast-hfb-mobile-header-display":"","site-post-title":"","ast-breadcrumbs-content":"","ast-featured-img":"","footer-sml-layout":"","ast-disable-related-posts":"","theme-transparent-header-meta":"default","adv-header-id-meta":"","stick-header-meta":"","header-above-stick-meta":"","header-main-stick-meta":"","header-below-stick-meta":"","astra-migrate-meta-layouts":"set","ast-page-background-enabled":"default","ast-page-background-meta":{"desktop":{"background-color":"var(--ast-global-color-4)","background-image":"","background-repeat":"repeat","background-position":"center center","background-size":"auto","background-attachment":"scroll","background-type":"","background-media":"","overlay-type":"","overlay-color":"","overlay-opacity":"","overlay-gradient":""},"tablet":{"background-color":"","background-image":"","background-repeat":"repeat","background-position":"center center","background-size":"auto","background-attachment":"scroll","background-type":"","background-media":"","overlay-type":"","overlay-color":"","overlay-opacity":"","overlay-gradient":""},"mobile":{"background-color":"","background-image":"","background-repeat":"repeat","background-position":"center center","background-size":"auto","background-attachment":"scroll","background-type":"","background-media":"","overlay-type":"","overlay-color":"","overlay-opacity":"","overlay-gradient":""}},"ast-content-background-meta":{"desktop":{"background-color":"var(--ast-global-color-5)","background-image":"","background-repeat":"repeat","background-position":"center center","background-size":"auto","background-attachment":"scroll","background-type":"","background-media":"","overlay-type":"","overlay-color":"","overlay-opacity":"","overlay-gradient":""},"tablet":{"background-color":"var(--ast-global-color-5)","background-image":"","background-repeat":"repeat","background-position":"center center","background-size":"auto","background-attachment":"scroll","background-type":"","background-media":"","overlay-type":"","overlay-color":"","overlay-opacity":"","overlay-gradient":""},"mobile":{"background-color":"var(--ast-global-color-5)","background-image":"","background-repeat":"repeat","background-position":"center center","background-size":"auto","background-attachment":"scroll","background-type":"","background-media":"","overlay-type":"","overlay-color":"","overlay-opacity":"","overlay-gradient":""}},"ngg_post_thumbnail":0},"product_brand":[],"product_cat":[26,17],"product_tag":[341,646,346,440,410,202,1014,340,1048,337,991,338,339,353],"class_list":{"0":"post-25404","1":"product","2":"type-product","3":"status-publish","4":"has-post-thumbnail","6":"product_cat-doma","7":"product_cat-sillas","8":"product_tag-bienestarcaballo","9":"product_tag-doma","10":"product_tag-equiscan-zaldi","11":"product_tag-silla","12":"product_tag-silla-custom","13":"product_tag-sillas","14":"product_tag-sillas-de-doma","15":"product_tag-susanne-nagel","16":"product_tag-vegana","17":"product_tag-zaldi","18":"product_tag-zaldi-alemania","19":"product_tag-zaldi-deutschland","20":"product_tag-zaldi-online-com","21":"product_tag-zaldi-san-jorge-plana","22":"desktop-align-left","23":"tablet-align-left","24":"mobile-align-left","26":"first","27":"instock","28":"taxable","29":"shipping-taxable","30":"purchasable","31":"product-type-variable"},"yoast_head":"<!-- This site is optimized with the Yoast SEO plugin v27.3 - https:\/\/yoast.com\/product\/yoast-seo-wordpress\/ -->\n<title>ZALDI SAN JORGE SEMI-PROFUNDA - Zaldionline.com<\/title>\n<meta name=\"description\" content=\"Precio IVA incl.: 2379.50\u20ac Doma semi-profundo, gran contacto. Medidas: * Jinete: 16&quot;, 16.5&quot;, 17&quot;, 17.5&quot;, 18&quot;, 19&quot;.* Cruz del caballo: de 28 cm. a 34 cm. Colores: actualmente adem\u00e1s de los cl\u00e1sicos colores negro, marr\u00f3n, habana, avellana, tostado; se pueden realizar m\u00faltiples combinaciones en colores de cuero, hilos, vivos, burletes\u2026MEDIDAS:* Jinete 17.5&quot; (largo de 44.5 cm. desde el borr\u00e9n trasero de la silla al clavo Zaldi).* Cruz del caballo: de 28 cm. a 34 cm.* Peso: 7.500 Kg.* Largo del fald\u00f3n desde la estribera: 42 cm.* Largo del baste por debajo: 49 cm.* \u00c1rea de apoyo del baste sobre el lomo del caballo: 44 cm.* Rodillera: 34 cm. x 7 cm. x 4.5 cm. \u00a1AVISO IMPORTANTE! COLORES DEL CUERO Es \u201cIMPOSIBLE\u201d conseguir que dos art\u00edculos en cuero de color avellana, tostado, marr\u00f3n o habana sean exactamente iguales. Ref. 00156\" \/>\n<meta name=\"robots\" content=\"noindex, follow, max-snippet:-1, max-image-preview:large, max-video-preview:-1\" \/>\n<meta property=\"og:locale\" content=\"es_ES\" \/>\n<meta property=\"og:type\" content=\"article\" \/>\n<meta property=\"og:title\" content=\"ZALDI SAN JORGE SEMI-PROFUNDA - Zaldionline.com\" \/>\n<meta property=\"og:description\" content=\"Precio IVA incl.: 2379.50\u20ac Doma semi-profundo, gran contacto. Medidas: * Jinete: 16&quot;, 16.5&quot;, 17&quot;, 17.5&quot;, 18&quot;, 19&quot;.* Cruz del caballo: de 28 cm. a 34 cm. Colores: actualmente adem\u00e1s de los cl\u00e1sicos colores negro, marr\u00f3n, habana, avellana, tostado; se pueden realizar m\u00faltiples combinaciones en colores de cuero, hilos, vivos, burletes\u2026MEDIDAS:* Jinete 17.5&quot; (largo de 44.5 cm. desde el borr\u00e9n trasero de la silla al clavo Zaldi).* Cruz del caballo: de 28 cm. a 34 cm.* Peso: 7.500 Kg.* Largo del fald\u00f3n desde la estribera: 42 cm.* Largo del baste por debajo: 49 cm.* \u00c1rea de apoyo del baste sobre el lomo del caballo: 44 cm.* Rodillera: 34 cm. x 7 cm. x 4.5 cm. \u00a1AVISO IMPORTANTE! COLORES DEL CUERO Es \u201cIMPOSIBLE\u201d conseguir que dos art\u00edculos en cuero de color avellana, tostado, marr\u00f3n o habana sean exactamente iguales. Ref. 00156\" \/>\n<meta property=\"og:url\" content=\"https:\/\/www.zaldionline.com\/es\/producto\/zaldi-san-jorge-semi-profunda\/\" \/>\n<meta property=\"og:site_name\" content=\"Zaldionline.com\" \/>\n<meta property=\"article:modified_time\" content=\"2024-10-18T11:59:08+00:00\" \/>\n<meta property=\"og:image\" content=\"https:\/\/www.zaldionline.com\/es\/wp-content\/uploads\/sites\/2\/2020\/10\/Bild_2020-12-10_184947.png\" \/>\n\t<meta property=\"og:image:width\" content=\"503\" \/>\n\t<meta property=\"og:image:height\" content=\"497\" \/>\n\t<meta property=\"og:image:type\" content=\"image\/png\" \/>\n<meta name=\"twitter:card\" content=\"summary_large_image\" \/>\n<meta name=\"twitter:label1\" content=\"Tiempo de lectura\" \/>\n\t<meta name=\"twitter:data1\" content=\"3 minutos\" \/>\n<script type=\"application\/ld+json\" class=\"yoast-schema-graph\">{\"@context\":\"https:\\\/\\\/schema.org\",\"@graph\":[{\"@type\":\"WebPage\",\"@id\":\"https:\\\/\\\/www.zaldionline.com\\\/es\\\/producto\\\/zaldi-san-jorge-semi-profunda\\\/\",\"url\":\"https:\\\/\\\/www.zaldionline.com\\\/es\\\/producto\\\/zaldi-san-jorge-semi-profunda\\\/\",\"name\":\"ZALDI SAN JORGE SEMI-PROFUNDA - Zaldionline.com\",\"isPartOf\":{\"@id\":\"https:\\\/\\\/www.zaldionline.com\\\/es\\\/#website\"},\"primaryImageOfPage\":{\"@id\":\"https:\\\/\\\/www.zaldionline.com\\\/es\\\/producto\\\/zaldi-san-jorge-semi-profunda\\\/#primaryimage\"},\"image\":{\"@id\":\"https:\\\/\\\/www.zaldionline.com\\\/es\\\/producto\\\/zaldi-san-jorge-semi-profunda\\\/#primaryimage\"},\"thumbnailUrl\":\"https:\\\/\\\/www.zaldionline.com\\\/es\\\/wp-content\\\/uploads\\\/sites\\\/2\\\/2020\\\/10\\\/Bild_2020-12-10_184947.png\",\"datePublished\":\"2024-08-02T11:01:29+00:00\",\"dateModified\":\"2024-10-18T11:59:08+00:00\",\"description\":\"Precio IVA incl.: 2379.50\u20ac Doma semi-profundo, gran contacto. Medidas: * Jinete: 16\\\", 16.5\\\", 17\\\", 17.5\\\", 18\\\", 19\\\".* Cruz del caballo: de 28 cm. a 34 cm. Colores: actualmente adem\u00e1s de los cl\u00e1sicos colores negro, marr\u00f3n, habana, avellana, tostado; se pueden realizar m\u00faltiples combinaciones en colores de cuero, hilos, vivos, burletes\u2026MEDIDAS:* Jinete 17.5\\\" (largo de 44.5 cm. desde el borr\u00e9n trasero de la silla al clavo Zaldi).* Cruz del caballo: de 28 cm. a 34 cm.* Peso: 7.500 Kg.* Largo del fald\u00f3n desde la estribera: 42 cm.* Largo del baste por debajo: 49 cm.* \u00c1rea de apoyo del baste sobre el lomo del caballo: 44 cm.* Rodillera: 34 cm. x 7 cm. x 4.5 cm. \u00a1AVISO IMPORTANTE! COLORES DEL CUERO Es \u201cIMPOSIBLE\u201d conseguir que dos art\u00edculos en cuero de color avellana, tostado, marr\u00f3n o habana sean exactamente iguales. Ref. 00156\",\"breadcrumb\":{\"@id\":\"https:\\\/\\\/www.zaldionline.com\\\/es\\\/producto\\\/zaldi-san-jorge-semi-profunda\\\/#breadcrumb\"},\"inLanguage\":\"es\",\"potentialAction\":[{\"@type\":\"ReadAction\",\"target\":[\"https:\\\/\\\/www.zaldionline.com\\\/es\\\/producto\\\/zaldi-san-jorge-semi-profunda\\\/\"]}]},{\"@type\":\"ImageObject\",\"inLanguage\":\"es\",\"@id\":\"https:\\\/\\\/www.zaldionline.com\\\/es\\\/producto\\\/zaldi-san-jorge-semi-profunda\\\/#primaryimage\",\"url\":\"https:\\\/\\\/www.zaldionline.com\\\/es\\\/wp-content\\\/uploads\\\/sites\\\/2\\\/2020\\\/10\\\/Bild_2020-12-10_184947.png\",\"contentUrl\":\"https:\\\/\\\/www.zaldionline.com\\\/es\\\/wp-content\\\/uploads\\\/sites\\\/2\\\/2020\\\/10\\\/Bild_2020-12-10_184947.png\",\"width\":503,\"height\":497},{\"@type\":\"BreadcrumbList\",\"@id\":\"https:\\\/\\\/www.zaldionline.com\\\/es\\\/producto\\\/zaldi-san-jorge-semi-profunda\\\/#breadcrumb\",\"itemListElement\":[{\"@type\":\"ListItem\",\"position\":1,\"name\":\"Portada\",\"item\":\"https:\\\/\\\/www.zaldionline.com\\\/es\\\/\"},{\"@type\":\"ListItem\",\"position\":2,\"name\":\"Sillas y accesorios\",\"item\":\"https:\\\/\\\/www.zaldionline.com\\\/es\\\/sillas-y-accesorios\\\/\"},{\"@type\":\"ListItem\",\"position\":3,\"name\":\"ZALDI SAN JORGE SEMI-PROFUNDA\"}]},{\"@type\":\"WebSite\",\"@id\":\"https:\\\/\\\/www.zaldionline.com\\\/es\\\/#website\",\"url\":\"https:\\\/\\\/www.zaldionline.com\\\/es\\\/\",\"name\":\"Zaldionline.com\",\"description\":\"Los mejores productos para usted y su caballo\",\"potentialAction\":[{\"@type\":\"SearchAction\",\"target\":{\"@type\":\"EntryPoint\",\"urlTemplate\":\"https:\\\/\\\/www.zaldionline.com\\\/es\\\/?s={search_term_string}\"},\"query-input\":{\"@type\":\"PropertyValueSpecification\",\"valueRequired\":true,\"valueName\":\"search_term_string\"}}],\"inLanguage\":\"es\"}]}<\/script>\n<!-- \/ Yoast SEO plugin. -->","yoast_head_json":{"title":"ZALDI SAN JORGE SEMI-PROFUNDA - Zaldionline.com","description":"Precio IVA incl.: 2379.50\u20ac Doma semi-profundo, gran contacto. Medidas: * Jinete: 16\", 16.5\", 17\", 17.5\", 18\", 19\".* Cruz del caballo: de 28 cm. a 34 cm. Colores: actualmente adem\u00e1s de los cl\u00e1sicos colores negro, marr\u00f3n, habana, avellana, tostado; se pueden realizar m\u00faltiples combinaciones en colores de cuero, hilos, vivos, burletes\u2026MEDIDAS:* Jinete 17.5\" (largo de 44.5 cm. desde el borr\u00e9n trasero de la silla al clavo Zaldi).* Cruz del caballo: de 28 cm. a 34 cm.* Peso: 7.500 Kg.* Largo del fald\u00f3n desde la estribera: 42 cm.* Largo del baste por debajo: 49 cm.* \u00c1rea de apoyo del baste sobre el lomo del caballo: 44 cm.* Rodillera: 34 cm. x 7 cm. x 4.5 cm. \u00a1AVISO IMPORTANTE! COLORES DEL CUERO Es \u201cIMPOSIBLE\u201d conseguir que dos art\u00edculos en cuero de color avellana, tostado, marr\u00f3n o habana sean exactamente iguales. Ref. 00156","robots":{"index":"noindex","follow":"follow","max-snippet":"max-snippet:-1","max-image-preview":"max-image-preview:large","max-video-preview":"max-video-preview:-1"},"og_locale":"es_ES","og_type":"article","og_title":"ZALDI SAN JORGE SEMI-PROFUNDA - Zaldionline.com","og_description":"Precio IVA incl.: 2379.50\u20ac Doma semi-profundo, gran contacto. Medidas: * Jinete: 16\", 16.5\", 17\", 17.5\", 18\", 19\".* Cruz del caballo: de 28 cm. a 34 cm. Colores: actualmente adem\u00e1s de los cl\u00e1sicos colores negro, marr\u00f3n, habana, avellana, tostado; se pueden realizar m\u00faltiples combinaciones en colores de cuero, hilos, vivos, burletes\u2026MEDIDAS:* Jinete 17.5\" (largo de 44.5 cm. desde el borr\u00e9n trasero de la silla al clavo Zaldi).* Cruz del caballo: de 28 cm. a 34 cm.* Peso: 7.500 Kg.* Largo del fald\u00f3n desde la estribera: 42 cm.* Largo del baste por debajo: 49 cm.* \u00c1rea de apoyo del baste sobre el lomo del caballo: 44 cm.* Rodillera: 34 cm. x 7 cm. x 4.5 cm. \u00a1AVISO IMPORTANTE! COLORES DEL CUERO Es \u201cIMPOSIBLE\u201d conseguir que dos art\u00edculos en cuero de color avellana, tostado, marr\u00f3n o habana sean exactamente iguales. Ref. 00156","og_url":"https:\/\/www.zaldionline.com\/es\/producto\/zaldi-san-jorge-semi-profunda\/","og_site_name":"Zaldionline.com","article_modified_time":"2024-10-18T11:59:08+00:00","og_image":[{"width":503,"height":497,"url":"https:\/\/www.zaldionline.com\/es\/wp-content\/uploads\/sites\/2\/2020\/10\/Bild_2020-12-10_184947.png","type":"image\/png"}],"twitter_card":"summary_large_image","twitter_misc":{"Tiempo de lectura":"3 minutos"},"schema":{"@context":"https:\/\/schema.org","@graph":[{"@type":"WebPage","@id":"https:\/\/www.zaldionline.com\/es\/producto\/zaldi-san-jorge-semi-profunda\/","url":"https:\/\/www.zaldionline.com\/es\/producto\/zaldi-san-jorge-semi-profunda\/","name":"ZALDI SAN JORGE SEMI-PROFUNDA - Zaldionline.com","isPartOf":{"@id":"https:\/\/www.zaldionline.com\/es\/#website"},"primaryImageOfPage":{"@id":"https:\/\/www.zaldionline.com\/es\/producto\/zaldi-san-jorge-semi-profunda\/#primaryimage"},"image":{"@id":"https:\/\/www.zaldionline.com\/es\/producto\/zaldi-san-jorge-semi-profunda\/#primaryimage"},"thumbnailUrl":"https:\/\/www.zaldionline.com\/es\/wp-content\/uploads\/sites\/2\/2020\/10\/Bild_2020-12-10_184947.png","datePublished":"2024-08-02T11:01:29+00:00","dateModified":"2024-10-18T11:59:08+00:00","description":"Precio IVA incl.: 2379.50\u20ac Doma semi-profundo, gran contacto. Medidas: * Jinete: 16\", 16.5\", 17\", 17.5\", 18\", 19\".* Cruz del caballo: de 28 cm. a 34 cm. Colores: actualmente adem\u00e1s de los cl\u00e1sicos colores negro, marr\u00f3n, habana, avellana, tostado; se pueden realizar m\u00faltiples combinaciones en colores de cuero, hilos, vivos, burletes\u2026MEDIDAS:* Jinete 17.5\" (largo de 44.5 cm. desde el borr\u00e9n trasero de la silla al clavo Zaldi).* Cruz del caballo: de 28 cm. a 34 cm.* Peso: 7.500 Kg.* Largo del fald\u00f3n desde la estribera: 42 cm.* Largo del baste por debajo: 49 cm.* \u00c1rea de apoyo del baste sobre el lomo del caballo: 44 cm.* Rodillera: 34 cm. x 7 cm. x 4.5 cm. \u00a1AVISO IMPORTANTE! COLORES DEL CUERO Es \u201cIMPOSIBLE\u201d conseguir que dos art\u00edculos en cuero de color avellana, tostado, marr\u00f3n o habana sean exactamente iguales. Ref. 00156","breadcrumb":{"@id":"https:\/\/www.zaldionline.com\/es\/producto\/zaldi-san-jorge-semi-profunda\/#breadcrumb"},"inLanguage":"es","potentialAction":[{"@type":"ReadAction","target":["https:\/\/www.zaldionline.com\/es\/producto\/zaldi-san-jorge-semi-profunda\/"]}]},{"@type":"ImageObject","inLanguage":"es","@id":"https:\/\/www.zaldionline.com\/es\/producto\/zaldi-san-jorge-semi-profunda\/#primaryimage","url":"https:\/\/www.zaldionline.com\/es\/wp-content\/uploads\/sites\/2\/2020\/10\/Bild_2020-12-10_184947.png","contentUrl":"https:\/\/www.zaldionline.com\/es\/wp-content\/uploads\/sites\/2\/2020\/10\/Bild_2020-12-10_184947.png","width":503,"height":497},{"@type":"BreadcrumbList","@id":"https:\/\/www.zaldionline.com\/es\/producto\/zaldi-san-jorge-semi-profunda\/#breadcrumb","itemListElement":[{"@type":"ListItem","position":1,"name":"Portada","item":"https:\/\/www.zaldionline.com\/es\/"},{"@type":"ListItem","position":2,"name":"Sillas y accesorios","item":"https:\/\/www.zaldionline.com\/es\/sillas-y-accesorios\/"},{"@type":"ListItem","position":3,"name":"ZALDI SAN JORGE SEMI-PROFUNDA"}]},{"@type":"WebSite","@id":"https:\/\/www.zaldionline.com\/es\/#website","url":"https:\/\/www.zaldionline.com\/es\/","name":"Zaldionline.com","description":"Los mejores productos para usted y su caballo","potentialAction":[{"@type":"SearchAction","target":{"@type":"EntryPoint","urlTemplate":"https:\/\/www.zaldionline.com\/es\/?s={search_term_string}"},"query-input":{"@type":"PropertyValueSpecification","valueRequired":true,"valueName":"search_term_string"}}],"inLanguage":"es"}]}},"_links":{"self":[{"href":"https:\/\/www.zaldionline.com\/es\/wp-json\/wp\/v2\/product\/25404","targetHints":{"allow":["GET"]}}],"collection":[{"href":"https:\/\/www.zaldionline.com\/es\/wp-json\/wp\/v2\/product"}],"about":[{"href":"https:\/\/www.zaldionline.com\/es\/wp-json\/wp\/v2\/types\/product"}],"replies":[{"embeddable":true,"href":"https:\/\/www.zaldionline.com\/es\/wp-json\/wp\/v2\/comments?post=25404"}],"version-history":[{"count":1,"href":"https:\/\/www.zaldionline.com\/es\/wp-json\/wp\/v2\/product\/25404\/revisions"}],"predecessor-version":[{"id":25520,"href":"https:\/\/www.zaldionline.com\/es\/wp-json\/wp\/v2\/product\/25404\/revisions\/25520"}],"wp:featuredmedia":[{"embeddable":true,"href":"https:\/\/www.zaldionline.com\/es\/wp-json\/wp\/v2\/media\/17507"}],"wp:attachment":[{"href":"https:\/\/www.zaldionline.com\/es\/wp-json\/wp\/v2\/media?parent=25404"}],"wp:term":[{"taxonomy":"product_brand","embeddable":true,"href":"https:\/\/www.zaldionline.com\/es\/wp-json\/wp\/v2\/product_brand?post=25404"},{"taxonomy":"product_cat","embeddable":true,"href":"https:\/\/www.zaldionline.com\/es\/wp-json\/wp\/v2\/product_cat?post=25404"},{"taxonomy":"product_tag","embeddable":true,"href":"https:\/\/www.zaldionline.com\/es\/wp-json\/wp\/v2\/product_tag?post=25404"}],"curies":[{"name":"wp","href":"https:\/\/api.w.org\/{rel}","templated":true}]}}